{"id":2,"date":"2016-04-27T03:35:31","date_gmt":"2016-04-27T03:35:31","guid":{"rendered":"http:\/\/wp451m.a10-52-158-154.qa.plesk.ru\/wordpress\/?page_id=2"},"modified":"2019-05-14T08:00:05","modified_gmt":"2019-05-14T08:00:05","slug":"sample-page","status":"publish","type":"page","link":"http:\/\/goldcast.pl\/","title":{"rendered":"Strona G\u0142\u00f3wna"},"content":{"rendered":"<p><span style=\"font-family: 'Times New Roman'; font-style: italic; font-size: 16px;\"><a href=\"http:\/\/goldcast.pl\/wp-content\/uploads\/2019\/05\/Ok\u0142adka-katalogu.png\"><img loading=\"lazy\" decoding=\"async\" class=\"alignright size-medium wp-image-3192\" src=\"http:\/\/goldcast.pl\/wp-content\/uploads\/2019\/05\/Ok\u0142adka-katalogu-300x240.png\" alt=\"Ok\u0142adka katalogu\" width=\"300\" height=\"240\" srcset=\"http:\/\/goldcast.pl\/wp-content\/uploads\/2019\/05\/Ok\u0142adka-katalogu-300x240.png 300w, http:\/\/goldcast.pl\/wp-content\/uploads\/2019\/05\/Ok\u0142adka-katalogu-768x614.png 768w, http:\/\/goldcast.pl\/wp-content\/uploads\/2019\/05\/Ok\u0142adka-katalogu-1024x819.png 1024w, http:\/\/goldcast.pl\/wp-content\/uploads\/2019\/05\/Ok\u0142adka-katalogu.png 1280w\" sizes=\"(max-width: 300px) 100vw, 300px\" \/><\/a>Firma Jubilerska GOLD-CAST istnieje na polskim rynku od roku 1983. <\/span><\/p>\n<p><span style=\"font-family: 'Times New Roman'; font-style: italic; font-size: 16px;\">Zajmujemy si\u0119 produkcj\u0105 z\u0142otej bi\u017cuterii, bardzo wysokiej jako\u015bci,\u00a0<\/span><\/p>\n<p><span style=\"font-family: 'Times New Roman'; font-style: italic; font-size: 16px;\">o niepowtarzalnym wzornictwie.<br \/>\n<\/span><\/p>\n<p><span style=\"font-family: 'Times New Roman'; font-style: italic; font-size: 16px;\">Nasze wyroby s\u0105 oprawiane i wyka\u0144czane r\u0119cznie,\u00a0<\/span><\/p>\n<p><span style=\"font-family: 'Times New Roman'; font-style: italic; font-size: 16px;\">co zapewnia naszym klientom najlepsz\u0105 bi\u017cuteri\u0119 dost\u0119pn\u0105 na rynku.<\/span><\/p>\n<p><span style=\"font-family: 'Times New Roman'; font-style: italic; font-size: 16px;\">Wykonujemy bi\u017cuteri\u0119 z kamieniami naturalnymi i syntetycznymi,\u00a0<\/span><\/p>\n<p><span style=\"font-family: 'Times New Roman'; font-style: italic; font-size: 16px;\">wedle \u017cycze\u0144 klient\u00f3w.<\/span><\/p>\n<p><span style=\"font-family: 'Times New Roman'; font-style: italic; font-size: 16px;\"><br \/>\n<\/span><\/p>\n<p><span style=\"font-family: 'Times New Roman'; font-style: italic; font-size: 16px; font-weight: bold;\">Zapraszamy do wsp\u00f3\u0142pracy<\/span><\/p>\n","protected":false},"excerpt":{"rendered":"<p>Firma Jubilerska GOLD-CAST istnieje na polskim rynku od roku 1983. Zajmujemy si\u0119 produkcj\u0105 z\u0142otej bi\u017cuterii, bardzo wysokiej jako\u015bci,\u00a0 o niepowtarzalnym wzornictwie. Nasze wyroby s\u0105 oprawiane i wyka\u0144czane r\u0119cznie,\u00a0 co zapewnia naszym klientom najlepsz\u0105 bi\u017cuteri\u0119 dost\u0119pn\u0105 na rynku. Wykonujemy bi\u017cuteri\u0119 z kamieniami naturalnymi i syntetycznymi,\u00a0 wedle \u017cycze\u0144 klient\u00f3w. Zapraszamy do wsp\u00f3\u0142pracy<\/p>\n","protected":false},"author":1,"featured_media":0,"parent":0,"menu_order":0,"comment_status":"closed","ping_status":"open","template":"","meta":{"footnotes":""},"_links":{"self":[{"href":"http:\/\/goldcast.pl\/index.php?rest_route=\/wp\/v2\/pages\/2"}],"collection":[{"href":"http:\/\/goldcast.pl\/index.php?rest_route=\/wp\/v2\/pages"}],"about":[{"href":"http:\/\/goldcast.pl\/index.php?rest_route=\/wp\/v2\/types\/page"}],"author":[{"embeddable":true,"href":"http:\/\/goldcast.pl\/index.php?rest_route=\/wp\/v2\/users\/1"}],"replies":[{"embeddable":true,"href":"http:\/\/goldcast.pl\/index.php?rest_route=%2Fwp%2Fv2%2Fcomments&post=2"}],"version-history":[{"count":10,"href":"http:\/\/goldcast.pl\/index.php?rest_route=\/wp\/v2\/pages\/2\/revisions"}],"predecessor-version":[{"id":3193,"href":"http:\/\/goldcast.pl\/index.php?rest_route=\/wp\/v2\/pages\/2\/revisions\/3193"}],"wp:attachment":[{"href":"http:\/\/goldcast.pl\/index.php?rest_route=%2Fwp%2Fv2%2Fmedia&parent=2"}],"curies":[{"name":"wp","href":"https:\/\/api.w.org\/{rel}","templated":true}]}}